{"id":39,"date":"2020-07-01T21:32:41","date_gmt":"2020-07-01T21:32:41","guid":{"rendered":"https:\/\/calzasalipapa.com.ar\/?page_id=39"},"modified":"2023-10-05T14:29:23","modified_gmt":"2023-10-05T17:29:23","slug":"politica-de-cambios","status":"publish","type":"page","link":"https:\/\/calzasalipapa.com.ar\/?page_id=39","title":{"rendered":"Pol\u00edtica de Cambios"},"content":{"rendered":"<p><strong>\u00bfQu\u00e9 productos se pueden cambiar o devolver?<\/strong><\/p><p><strong>Se aceptan<\/strong>&nbsp;cambios o devoluciones de productos por&nbsp;<strong>Talle y Color<\/strong>.&nbsp;<strong>No cambiamos el modelo<\/strong>. Si el o los productos presentaren alg\u00fan defecto de fabricaci\u00f3n o fueren despachados equivocadamente, el usuario deber\u00e1 comunicarse con nosotros dentro de un plazo de 15 (quince) d\u00edas corridos(SIN HABER USADO LA PRENDA), contados a partir de la de entrega del producto, para que se proceda la gesti\u00f3n.<\/p><p><strong>Alipapa<\/strong>&nbsp;no cubre defectos por prendas usadas, con uso indebido o abuso del producto, siendo el cliente, en este caso, el \u00fanico responsable.<\/p><p><strong>\u00bfC\u00f3mo proceder un cambio?<\/strong><\/p><p>En caso de recibir una mercader\u00eda fallada o querer hacer un cambio, solicitamos que visiten nuestro local en <strong>Dr. Juan Felipe Aranguren 3487, Floresta, Ciudad Aut\u00f3noma de Buenos Aires<\/strong> y nos comuniquen a nuestro contacto de <strong><a href=\"https:\/\/wa.me\/5491124047705\"><strong>WhatsApp<\/strong>\u00a0 al\u00a0<strong>+54 9 11 6195 4208<\/strong>\u00a0(<a href=\"http:\/\/wa.me\/5491161954208\">http:\/\/wa.me\/549111161954208<\/a>)<\/a>,<\/strong>\u00a0especificando el motivo\u00a0seguido del\u00a0<strong>NRO DE COMPRA.\u00a0<\/strong>En brevedad estaremos comunic\u00e1ndonos con ustedes.<br>Una vez notificada y verificada la cuesti\u00f3n, el cliente podr\u00e1 optar por:<\/p><ul class=\"wp-block-list\"><li>Recibir una&nbsp;<strong>Nota de Cr\u00e9dito<\/strong>&nbsp;a favor de un monto igual a la prenda en cuesti\u00f3n, para ser aplicada&nbsp;en&nbsp;tu pr\u00f3xima&nbsp;compra online.<\/li><li>Elegir un producto de igual precio y solicitar env\u00edo a domicilio (Costo de env\u00edo a cargo del usuario)<\/li><li>Realizar el cambio en nuestro Local en <strong>Dr. Juan Felipe Aranguren 3487, Floresta, Ciudad Aut\u00f3noma de Buenos Aires<\/strong><\/li><\/ul><p>Si ten\u00e9s alguna duda de como proceder pod\u00e9s enviarnos un\u00a0<strong><a href=\"https:\/\/wa.me\/5491124047705\"><strong>WhatsApp<\/strong>\u00a0 al\u00a0<strong>+54 9 11 6195 4208<\/strong>\u00a0(<a href=\"http:\/\/wa.me\/5491161954208\">http:\/\/wa.me\/549111161954208<\/a>)<\/a><\/strong> en el horario de atenci\u00f3n (11 a 17hs).<\/p>","protected":false},"excerpt":{"rendered":"<p>\u00bfQu\u00e9 productos se pueden cambiar o devolver? Se aceptan&nbsp;cambios o devoluciones de productos por&nbsp;Talle y Color.&nbsp;No cambiamos el modelo. Si el o los productos presentaren alg\u00fan defecto de fabricaci\u00f3n o fueren despachados equivocadamente, el usuario deber\u00e1 comunicarse con nosotros dentro de un plazo de 15 (quince) d\u00edas corridos(SIN HABER USADO LA PRENDA), contados a partir [&hellip;]<\/p>\n","protected":false},"author":1,"featured_media":0,"parent":0,"menu_order":0,"comment_status":"closed","ping_status":"closed","template":"","meta":{"site-sidebar-layout":"default","site-content-layout":"default","ast-site-content-layout":"","site-content-style":"default","site-sidebar-style":"default","ast-global-header-display":"","ast-banner-title-visibility":"","ast-main-header-display":"","ast-hfb-above-header-display":"","ast-hfb-below-header-display":"","ast-hfb-mobile-header-display":"","site-post-title":"","ast-breadcrumbs-content":"","ast-featured-img":"","footer-sml-layout":"","theme-transparent-header-meta":"default","adv-header-id-meta":"","stick-header-meta":"","header-above-stick-meta":"","header-main-stick-meta":"","header-below-stick-meta":"","astra-migrate-meta-layouts":"default","ast-page-background-enabled":"default","ast-page-background-meta":{"desktop":{"background-color":"","background-image":"","background-repeat":"repeat","background-position":"center center","background-size":"auto","background-attachment":"scroll","background-type":"","background-media":"","overlay-type":"","overlay-color":"","overlay-opacity":"","overlay-gradient":""},"tablet":{"background-color":"","background-image":"","background-repeat":"repeat","background-position":"center center","background-size":"auto","background-attachment":"scroll","background-type":"","background-media":"","overlay-type":"","overlay-color":"","overlay-opacity":"","overlay-gradient":""},"mobile":{"background-color":"","background-image":"","background-repeat":"repeat","background-position":"center center","background-size":"auto","background-attachment":"scroll","background-type":"","background-media":"","overlay-type":"","overlay-color":"","overlay-opacity":"","overlay-gradient":""}},"ast-content-background-meta":{"desktop":{"background-color":"var(--ast-global-color-5)","background-image":"","background-repeat":"repeat","background-position":"center center","background-size":"auto","background-attachment":"scroll","background-type":"","background-media":"","overlay-type":"","overlay-color":"","overlay-opacity":"","overlay-gradient":""},"tablet":{"background-color":"var(--ast-global-color-5)","background-image":"","background-repeat":"repeat","background-position":"center center","background-size":"auto","background-attachment":"scroll","background-type":"","background-media":"","overlay-type":"","overlay-color":"","overlay-opacity":"","overlay-gradient":""},"mobile":{"background-color":"var(--ast-global-color-5)","background-image":"","background-repeat":"repeat","background-position":"center center","background-size":"auto","background-attachment":"scroll","background-type":"","background-media":"","overlay-type":"","overlay-color":"","overlay-opacity":"","overlay-gradient":""}},"footnotes":""},"class_list":["post-39","page","type-page","status-publish","hentry"],"yoast_head":"<!-- This site is optimized with the Yoast SEO plugin v26.8 - https:\/\/yoast.com\/product\/yoast-seo-wordpress\/ -->\n<title>Pol\u00edtica de Cambios - Alipapa<\/title>\n<meta name=\"robots\" content=\"index, follow, max-snippet:-1, max-image-preview:large, max-video-preview:-1\" \/>\n<link rel=\"canonical\" href=\"https:\/\/calzasalipapa.com.ar\/?page_id=39\" \/>\n<meta property=\"og:locale\" content=\"es_ES\" \/>\n<meta property=\"og:type\" content=\"article\" \/>\n<meta property=\"og:title\" content=\"Pol\u00edtica de Cambios - Alipapa\" \/>\n<meta property=\"og:description\" content=\"\u00bfQu\u00e9 productos se pueden cambiar o devolver? Se aceptan&nbsp;cambios o devoluciones de productos por&nbsp;Talle y Color.&nbsp;No cambiamos el modelo. Si el o los productos presentaren alg\u00fan defecto de fabricaci\u00f3n o fueren despachados equivocadamente, el usuario deber\u00e1 comunicarse con nosotros dentro de un plazo de 15 (quince) d\u00edas corridos(SIN HABER USADO LA PRENDA), contados a partir [&hellip;]\" \/>\n<meta property=\"og:url\" content=\"https:\/\/calzasalipapa.com.ar\/?page_id=39\" \/>\n<meta property=\"og:site_name\" content=\"Alipapa\" \/>\n<meta property=\"article:modified_time\" content=\"2023-10-05T17:29:23+00:00\" \/>\n<meta name=\"twitter:card\" content=\"summary_large_image\" \/>\n<meta name=\"twitter:label1\" content=\"Tiempo de lectura\" \/>\n\t<meta name=\"twitter:data1\" content=\"1 minuto\" \/>\n<script type=\"application\/ld+json\" class=\"yoast-schema-graph\">{\"@context\":\"https:\/\/schema.org\",\"@graph\":[{\"@type\":\"WebPage\",\"@id\":\"https:\/\/calzasalipapa.com.ar\/?page_id=39\",\"url\":\"https:\/\/calzasalipapa.com.ar\/?page_id=39\",\"name\":\"Pol\u00edtica de Cambios - Alipapa\",\"isPartOf\":{\"@id\":\"https:\/\/calzasalipapa.com.ar\/#website\"},\"datePublished\":\"2020-07-01T21:32:41+00:00\",\"dateModified\":\"2023-10-05T17:29:23+00:00\",\"breadcrumb\":{\"@id\":\"https:\/\/calzasalipapa.com.ar\/?page_id=39#breadcrumb\"},\"inLanguage\":\"es-AR\",\"potentialAction\":[{\"@type\":\"ReadAction\",\"target\":[\"https:\/\/calzasalipapa.com.ar\/?page_id=39\"]}]},{\"@type\":\"BreadcrumbList\",\"@id\":\"https:\/\/calzasalipapa.com.ar\/?page_id=39#breadcrumb\",\"itemListElement\":[{\"@type\":\"ListItem\",\"position\":1,\"name\":\"Portada\",\"item\":\"https:\/\/calzasalipapa.com.ar\/\"},{\"@type\":\"ListItem\",\"position\":2,\"name\":\"Pol\u00edtica de Cambios\"}]},{\"@type\":\"WebSite\",\"@id\":\"https:\/\/calzasalipapa.com.ar\/#website\",\"url\":\"https:\/\/calzasalipapa.com.ar\/\",\"name\":\"Alipapa\",\"description\":\"Todo Calzas\",\"publisher\":{\"@id\":\"https:\/\/calzasalipapa.com.ar\/#organization\"},\"potentialAction\":[{\"@type\":\"SearchAction\",\"target\":{\"@type\":\"EntryPoint\",\"urlTemplate\":\"https:\/\/calzasalipapa.com.ar\/?s={search_term_string}\"},\"query-input\":{\"@type\":\"PropertyValueSpecification\",\"valueRequired\":true,\"valueName\":\"search_term_string\"}}],\"inLanguage\":\"es-AR\"},{\"@type\":\"Organization\",\"@id\":\"https:\/\/calzasalipapa.com.ar\/#organization\",\"name\":\"Alipapa\",\"url\":\"https:\/\/calzasalipapa.com.ar\/\",\"logo\":{\"@type\":\"ImageObject\",\"inLanguage\":\"es-AR\",\"@id\":\"https:\/\/calzasalipapa.com.ar\/#\/schema\/logo\/image\/\",\"url\":\"https:\/\/calzasalipapa.com.ar\/wp-content\/uploads\/2020\/07\/cropped-logo.alipapa.png\",\"contentUrl\":\"https:\/\/calzasalipapa.com.ar\/wp-content\/uploads\/2020\/07\/cropped-logo.alipapa.png\",\"width\":751,\"height\":288,\"caption\":\"Alipapa\"},\"image\":{\"@id\":\"https:\/\/calzasalipapa.com.ar\/#\/schema\/logo\/image\/\"}}]}<\/script>\n<!-- \/ Yoast SEO plugin. -->","yoast_head_json":{"title":"Pol\u00edtica de Cambios - Alipapa","robots":{"index":"index","follow":"follow","max-snippet":"max-snippet:-1","max-image-preview":"max-image-preview:large","max-video-preview":"max-video-preview:-1"},"canonical":"https:\/\/calzasalipapa.com.ar\/?page_id=39","og_locale":"es_ES","og_type":"article","og_title":"Pol\u00edtica de Cambios - Alipapa","og_description":"\u00bfQu\u00e9 productos se pueden cambiar o devolver? Se aceptan&nbsp;cambios o devoluciones de productos por&nbsp;Talle y Color.&nbsp;No cambiamos el modelo. Si el o los productos presentaren alg\u00fan defecto de fabricaci\u00f3n o fueren despachados equivocadamente, el usuario deber\u00e1 comunicarse con nosotros dentro de un plazo de 15 (quince) d\u00edas corridos(SIN HABER USADO LA PRENDA), contados a partir [&hellip;]","og_url":"https:\/\/calzasalipapa.com.ar\/?page_id=39","og_site_name":"Alipapa","article_modified_time":"2023-10-05T17:29:23+00:00","twitter_card":"summary_large_image","twitter_misc":{"Tiempo de lectura":"1 minuto"},"schema":{"@context":"https:\/\/schema.org","@graph":[{"@type":"WebPage","@id":"https:\/\/calzasalipapa.com.ar\/?page_id=39","url":"https:\/\/calzasalipapa.com.ar\/?page_id=39","name":"Pol\u00edtica de Cambios - Alipapa","isPartOf":{"@id":"https:\/\/calzasalipapa.com.ar\/#website"},"datePublished":"2020-07-01T21:32:41+00:00","dateModified":"2023-10-05T17:29:23+00:00","breadcrumb":{"@id":"https:\/\/calzasalipapa.com.ar\/?page_id=39#breadcrumb"},"inLanguage":"es-AR","potentialAction":[{"@type":"ReadAction","target":["https:\/\/calzasalipapa.com.ar\/?page_id=39"]}]},{"@type":"BreadcrumbList","@id":"https:\/\/calzasalipapa.com.ar\/?page_id=39#breadcrumb","itemListElement":[{"@type":"ListItem","position":1,"name":"Portada","item":"https:\/\/calzasalipapa.com.ar\/"},{"@type":"ListItem","position":2,"name":"Pol\u00edtica de Cambios"}]},{"@type":"WebSite","@id":"https:\/\/calzasalipapa.com.ar\/#website","url":"https:\/\/calzasalipapa.com.ar\/","name":"Alipapa","description":"Todo Calzas","publisher":{"@id":"https:\/\/calzasalipapa.com.ar\/#organization"},"potentialAction":[{"@type":"SearchAction","target":{"@type":"EntryPoint","urlTemplate":"https:\/\/calzasalipapa.com.ar\/?s={search_term_string}"},"query-input":{"@type":"PropertyValueSpecification","valueRequired":true,"valueName":"search_term_string"}}],"inLanguage":"es-AR"},{"@type":"Organization","@id":"https:\/\/calzasalipapa.com.ar\/#organization","name":"Alipapa","url":"https:\/\/calzasalipapa.com.ar\/","logo":{"@type":"ImageObject","inLanguage":"es-AR","@id":"https:\/\/calzasalipapa.com.ar\/#\/schema\/logo\/image\/","url":"https:\/\/calzasalipapa.com.ar\/wp-content\/uploads\/2020\/07\/cropped-logo.alipapa.png","contentUrl":"https:\/\/calzasalipapa.com.ar\/wp-content\/uploads\/2020\/07\/cropped-logo.alipapa.png","width":751,"height":288,"caption":"Alipapa"},"image":{"@id":"https:\/\/calzasalipapa.com.ar\/#\/schema\/logo\/image\/"}}]}},"_links":{"self":[{"href":"https:\/\/calzasalipapa.com.ar\/index.php?rest_route=\/wp\/v2\/pages\/39","targetHints":{"allow":["GET"]}}],"collection":[{"href":"https:\/\/calzasalipapa.com.ar\/index.php?rest_route=\/wp\/v2\/pages"}],"about":[{"href":"https:\/\/calzasalipapa.com.ar\/index.php?rest_route=\/wp\/v2\/types\/page"}],"author":[{"embeddable":true,"href":"https:\/\/calzasalipapa.com.ar\/index.php?rest_route=\/wp\/v2\/users\/1"}],"replies":[{"embeddable":true,"href":"https:\/\/calzasalipapa.com.ar\/index.php?rest_route=%2Fwp%2Fv2%2Fcomments&post=39"}],"version-history":[{"count":4,"href":"https:\/\/calzasalipapa.com.ar\/index.php?rest_route=\/wp\/v2\/pages\/39\/revisions"}],"predecessor-version":[{"id":12887,"href":"https:\/\/calzasalipapa.com.ar\/index.php?rest_route=\/wp\/v2\/pages\/39\/revisions\/12887"}],"wp:attachment":[{"href":"https:\/\/calzasalipapa.com.ar\/index.php?rest_route=%2Fwp%2Fv2%2Fmedia&parent=39"}],"curies":[{"name":"wp","href":"https:\/\/api.w.org\/{rel}","templated":true}]}}